{"id":311,"date":"2018-09-15T13:14:54","date_gmt":"2018-09-15T11:14:54","guid":{"rendered":"http:\/\/madcar.hr\/autoskola\/?page_id=311"},"modified":"2018-09-15T13:14:54","modified_gmt":"2018-09-15T11:14:54","slug":"izjava-o-privatnosti","status":"publish","type":"page","link":"http:\/\/madcar.hr\/autoskola\/izjava-o-privatnosti\/","title":{"rendered":"Izjava o privatnosti"},"content":{"rendered":"<p>[vc_row][vc_column][vc_column_text]<strong>ZA\u0160TITA PODATAKA<\/strong><\/p>\n<p>Prilikom kori\u0161tenja na\u0161ih usluga mo\u017eda \u0107e od vas biti zatra\u017eeno da date osobne podatke. Davanje ovakvih informacija je dobrovoljno. Va\u0161i osobni podaci bit \u0107e kori\u0161teni strogo u suglasnosti sa zakonima o za\u0161titi podataka koji vrijede u EU. Osobni podaci predo\u010deni na prezentaciji koriste se u standardnim procedurama u cilju obra\u0111ivanja va\u0161ih zahtjeva. Obrada i upotreba va\u0161ih podataka za\u00a0 reklamna i marketin\u0161ka istra\u017eivanja mogu\u0107a je samo uz va\u0161u izri\u010ditu suglasnost. Ako prilikom davanja podataka unaprijed navedene svrhe date i suglasnost da va\u0161e podatke koriste i druge organizacije u sastavu ili dodatno navedene tre\u0107e strane, oni mogu biti ustupljeni i tim stranama. Ako ne date svoj pristanak, va\u0161i podaci ne\u0107e biti ustupljeni nikome. Auto\u0161kola Madcar na svojim web serverima ne pohranjuje va\u0161e podatke u digitalnom obliku.<\/p>\n<p><strong>COOKIES<\/strong><\/p>\n<p>Cookies (Kola\u010di\u0107i) je mala tekstualna datoteka koju prezentacija kopira na hard disk va\u0161eg ra\u010dunala. Kola\u010di\u0107i ne \u0161tete va\u0161em ra\u010dunalu i ne sadr\u017ee viruse. Kola\u010di\u0107i s na\u0161e prezentacije ne prikupljaju nikakve podatke o vama. Kori\u0161tenje kola\u010di\u0107a mo\u017ee se sprije\u010diti u svakom trenutku odgovaraju\u0107im pode\u0161avanjem va\u0161eg programa. U pravilu, kola\u010di\u0107e koristi isklju\u010divo na\u0161a Internet prezentacija samo dok ste na njoj, u cilju anonimne statisti\u010dke obrade podataka, kao i zbog pojednostavljenja njenog kori\u0161tenja. Kola\u010di\u0107i mogu povremeno slu\u017eiti i drugim svrhama u pojedinim dijelovima prezentacije. Ako se na\u0111ete u takvoj situaciji, bit \u0107ete obavije\u0161teni.<\/p>\n<p><strong>GARANCIJE I ODGOVORNOST<\/strong><\/p>\n<p>Informacije na ovoj Internet prezentaciji ne podlije\u017eu nikakvoj garanciji, navedenoj ili nagovije\u0161tenoj, uklju\u010duju\u0107i tu i bilo kakve garancije o komercijalnosti, upotrebljivosti u odre\u0111enu svrhu, kao ni o zloupotrebi prava tre\u0107ih strana. Iako se smatra da su podaci dati na ovoj prezentaciji to\u010dni, oni mogu sadr\u017eavati gre\u0161ke ili neto\u010dne podatke. Auto\u0161kola Madcar ni u kojem slu\u010daju ne snosi odgovornost ni prema kome ni za kakve posebne, indirektne ili naknadne \u0161tete vezane za ovaj materijal, osim ako nisu izazvane te\u0161kim nemarom ili s izri\u010ditom namjerom. Auto\u0161kola Madcar ne snosi odgovornost za sadr\u017eaj Internet prezentacija koje odr\u017eavaju tre\u0107e strane i ne priznaje nikakvu odgovornost za putokaze koji vode s ove na druge prezentacije.<\/p>\n<p>Stupanjem na snagu Op\u0107e uredbe o za\u0161titi osobnih podataka UREDBA (EU) 2016\/679\u00a0 o za\u0161titi pojedinaca u vezi s obradom osobnih podataka i o slobodnom kretanju takvih podataka\u00a0 predstavlja bitan napredak u podru\u010dju za\u0161tite osobnih podataka.<\/p>\n<p>Slobodni ste kontaktirati nas putem ovog obrasca i zatra\u017eiti uklanjanje va\u0161ih osobnih podataka iz na\u0161e baze. Na\u0161a obveza je u\u010diniti isto i u roku od 15 dana od zaprimanja zahtjeva sve va\u0161e osobne podatke ukloniti iz na\u0161e baze te vas sukladno tome i obavjestiti kada je proces zavr\u0161en. Napominjemo, svaki oblik ostavljanja i slanja va\u0161ih osobnih podataka na stranicama Auto\u0161kole Madcar radi se isklju\u010divo dobrovoljno od strane vas kao pojedinca koji je pristupio ovim stranicama i nije izvr\u0161en niti jedan oblik prisile kod ostavljanja istih.[\/vc_column_text][\/vc_column][\/vc_row]<\/p>\n","protected":false},"excerpt":{"rendered":"<p>[vc_row][vc_column][vc_column_text]ZA\u0160TITA PODATAKA Prilikom kori\u0161tenja na\u0161ih usluga mo\u017eda \u0107e od vas biti zatra\u017eeno da date osobne podatke. Davanje ovakvih informacija je dobrovoljno. Va\u0161i osobni podaci bit \u0107e kori\u0161teni strogo u suglasnosti sa zakonima o za\u0161titi podataka koji vrijede u EU. Osobni podaci predo\u010deni na prezentaciji koriste se u standardnim procedurama u cilju obra\u0111ivanja va\u0161ih zahtjeva. Obrada i upotreba va\u0161ih podataka za\u00a0 reklamna i marketin\u0161ka istra\u017eivanja mogu\u0107a je samo uz va\u0161u izri\u010ditu suglasnost. Ako prilikom davanja podataka unaprijed navedene svrhe date i [&hellip;]<\/p>\n","protected":false},"author":1,"featured_media":0,"parent":0,"menu_order":0,"comment_status":"closed","ping_status":"closed","template":"","meta":[],"_links":{"self":[{"href":"http:\/\/madcar.hr\/autoskola\/wp-json\/wp\/v2\/pages\/311"}],"collection":[{"href":"http:\/\/madcar.hr\/autoskola\/wp-json\/wp\/v2\/pages"}],"about":[{"href":"http:\/\/madcar.hr\/autoskola\/wp-json\/wp\/v2\/types\/page"}],"author":[{"embeddable":true,"href":"http:\/\/madcar.hr\/autoskola\/wp-json\/wp\/v2\/users\/1"}],"replies":[{"embeddable":true,"href":"http:\/\/madcar.hr\/autoskola\/wp-json\/wp\/v2\/comments?post=311"}],"version-history":[{"count":1,"href":"http:\/\/madcar.hr\/autoskola\/wp-json\/wp\/v2\/pages\/311\/revisions"}],"predecessor-version":[{"id":312,"href":"http:\/\/madcar.hr\/autoskola\/wp-json\/wp\/v2\/pages\/311\/revisions\/312"}],"wp:attachment":[{"href":"http:\/\/madcar.hr\/autoskola\/wp-json\/wp\/v2\/media?parent=311"}],"curies":[{"name":"wp","href":"https:\/\/api.w.org\/{rel}","templated":true}]}}