{"id":36,"date":"2017-05-14T23:57:32","date_gmt":"2017-05-14T21:57:32","guid":{"rendered":"http:\/\/madcar.hr\/autoskola\/?page_id=36"},"modified":"2024-07-15T08:41:14","modified_gmt":"2024-07-15T06:41:14","slug":"vozni-park","status":"publish","type":"page","link":"http:\/\/madcar.hr\/autoskola\/vozni-park\/","title":{"rendered":"Vozni park"},"content":{"rendered":"<p>[vc_row][vc_column][vc_column_text]<\/p>\n<h2><span style=\"color: #ff0000;\">Vozni park<\/span><\/h2>\n<p>[\/vc_column_text][vc_column_text]<\/p>\n<h2>U\u010dite voziti na novim vozilima!<\/h2>\n<h3><span style=\"color: #ffcc00;\">U bogatoj ponudi izaberite sami vozilo&#8230;<\/span><\/h3>\n<p>Auto\u0161kola na sve tri lokacije kandidatima nudi velik izbor vozila. Sva vozila su nova<br \/>\nstoga mo\u017eete biti sigurni da je obuka koju prolazite zaista stru\u010dna , kvalitetna i prema visokim<br \/>\nstandardima.<\/p>\n<p>Uvjerite se sami u kvalitetu poslovanja koje Vam prezentiramo![\/vc_column_text][vc_gallery type=&#8221;image_grid&#8221; images=&#8221;596,595,594,593,592,591,590&#8243; img_size=&#8221;200&#215;200&#8243; css_animation=&#8221;bounceInDown&#8221;][\/vc_column][\/vc_row]<\/p>\n","protected":false},"excerpt":{"rendered":"<p>[vc_row][vc_column][vc_column_text] Vozni park [\/vc_column_text][vc_column_text] U\u010dite voziti na novim vozilima! U bogatoj ponudi izaberite sami vozilo&#8230; Auto\u0161kola na sve tri lokacije kandidatima nudi velik izbor vozila. Sva vozila su nova stoga mo\u017eete biti sigurni da je obuka koju prolazite zaista stru\u010dna , kvalitetna i prema visokim standardima. Uvjerite se sami u kvalitetu poslovanja koje Vam prezentiramo![\/vc_column_text][vc_gallery type=&#8221;image_grid&#8221; images=&#8221;596,595,594,593,592,591,590&#8243; img_size=&#8221;200&#215;200&#8243; css_animation=&#8221;bounceInDown&#8221;][\/vc_column][\/vc_row]<\/p>\n","protected":false},"author":1,"featured_media":0,"parent":0,"menu_order":0,"comment_status":"closed","ping_status":"closed","template":"","meta":[],"_links":{"self":[{"href":"http:\/\/madcar.hr\/autoskola\/wp-json\/wp\/v2\/pages\/36"}],"collection":[{"href":"http:\/\/madcar.hr\/autoskola\/wp-json\/wp\/v2\/pages"}],"about":[{"href":"http:\/\/madcar.hr\/autoskola\/wp-json\/wp\/v2\/types\/page"}],"author":[{"embeddable":true,"href":"http:\/\/madcar.hr\/autoskola\/wp-json\/wp\/v2\/users\/1"}],"replies":[{"embeddable":true,"href":"http:\/\/madcar.hr\/autoskola\/wp-json\/wp\/v2\/comments?post=36"}],"version-history":[{"count":6,"href":"http:\/\/madcar.hr\/autoskola\/wp-json\/wp\/v2\/pages\/36\/revisions"}],"predecessor-version":[{"id":605,"href":"http:\/\/madcar.hr\/autoskola\/wp-json\/wp\/v2\/pages\/36\/revisions\/605"}],"wp:attachment":[{"href":"http:\/\/madcar.hr\/autoskola\/wp-json\/wp\/v2\/media?parent=36"}],"curies":[{"name":"wp","href":"https:\/\/api.w.org\/{rel}","templated":true}]}}